{"id":996,"date":"2025-05-12T10:47:44","date_gmt":"2025-05-12T08:47:44","guid":{"rendered":"https:\/\/lucas.bethmont.formation-esiac.fr\/?page_id=996"},"modified":"2025-05-12T10:47:44","modified_gmt":"2025-05-12T08:47:44","slug":"conditions-generales-dutilisation","status":"publish","type":"page","link":"https:\/\/lucas.bethmont.formation-esiac.fr\/index.php\/conditions-generales-dutilisation\/","title":{"rendered":"Conditions g\u00e9n\u00e9rales d&#8217;utilisation"},"content":{"rendered":"\n<p><strong>1. Objet du site<\/strong><br>Ce site est un portfolio personnel dans le cadre d\u2019un BTS Services Informatiques aux Organisations (SIO). Il pr\u00e9sente des projets r\u00e9alis\u00e9s par Lucas BETHMONT durant sa formation.<\/p>\n\n\n\n<p><strong>2. Acceptation des conditions<\/strong><br>L\u2019acc\u00e8s et l\u2019utilisation de ce site impliquent l\u2019acceptation pleine et enti\u00e8re des pr\u00e9sentes conditions.<\/p>\n\n\n\n<p><strong>3. Acc\u00e8s au site<\/strong><br>Le site est accessible gratuitement \u00e0 tout utilisateur disposant d\u2019un acc\u00e8s \u00e0 Internet. L\u2019\u00e9diteur se r\u00e9serve le droit d\u2019en suspendre ou limiter l\u2019acc\u00e8s en cas de maintenance ou mise \u00e0 jour.<\/p>\n\n\n\n<p><strong>4. Contenu<\/strong><br>Les informations pr\u00e9sent\u00e9es sont fournies \u00e0 titre indicatif. Lucas BETHMONT ne peut \u00eatre tenu responsable des erreurs ou omissions. Le contenu peut \u00eatre modifi\u00e9 \u00e0 tout moment sans pr\u00e9avis.<\/p>\n\n\n\n<p><strong>5. Propri\u00e9t\u00e9 intellectuelle<\/strong><br>Tous les \u00e9l\u00e9ments du site (textes, images, logos, code source, etc.) sont prot\u00e9g\u00e9s par le droit d\u2019auteur. Toute reproduction, repr\u00e9sentation ou exploitation est interdite sans l\u2019accord de l\u2019auteur.<\/p>\n\n\n\n<p><strong>6. Liens externes<\/strong><br>Ce site peut contenir des liens vers des sites externes. Lucas BETHMONT d\u00e9cline toute responsabilit\u00e9 concernant leur contenu ou leurs pratiques.<\/p>\n\n\n\n<p><strong>7. Droit applicable<\/strong><br>Les pr\u00e9sentes conditions sont r\u00e9gies par le droit fran\u00e7ais. En cas de litige, les tribunaux fran\u00e7ais seront seuls comp\u00e9tents.<\/p>\n\n\n\n<p><\/p>\n","protected":false},"excerpt":{"rendered":"<p>1. Objet du siteCe site est un portfolio personnel dans le cadre d\u2019un BTS Services Informatiques aux Organisations (SIO). Il pr\u00e9sente des projets r\u00e9alis\u00e9s par Lucas BETHMONT durant sa formation. 2. Acceptation des conditionsL\u2019acc\u00e8s et l\u2019utilisation de ce site impliquent l\u2019acceptation pleine et enti\u00e8re des pr\u00e9sentes conditions. 3. Acc\u00e8s au siteLe site est accessible gratuitement [&hellip;]<\/p>\n","protected":false},"author":1,"featured_media":0,"parent":0,"menu_order":0,"comment_status":"closed","ping_status":"closed","template":"","meta":{"footnotes":""},"class_list":["post-996","page","type-page","status-publish","hentry"],"blocksy_meta":[],"_links":{"self":[{"href":"https:\/\/lucas.bethmont.formation-esiac.fr\/index.php\/wp-json\/wp\/v2\/pages\/996","targetHints":{"allow":["GET"]}}],"collection":[{"href":"https:\/\/lucas.bethmont.formation-esiac.fr\/index.php\/wp-json\/wp\/v2\/pages"}],"about":[{"href":"https:\/\/lucas.bethmont.formation-esiac.fr\/index.php\/wp-json\/wp\/v2\/types\/page"}],"author":[{"embeddable":true,"href":"https:\/\/lucas.bethmont.formation-esiac.fr\/index.php\/wp-json\/wp\/v2\/users\/1"}],"replies":[{"embeddable":true,"href":"https:\/\/lucas.bethmont.formation-esiac.fr\/index.php\/wp-json\/wp\/v2\/comments?post=996"}],"version-history":[{"count":1,"href":"https:\/\/lucas.bethmont.formation-esiac.fr\/index.php\/wp-json\/wp\/v2\/pages\/996\/revisions"}],"predecessor-version":[{"id":997,"href":"https:\/\/lucas.bethmont.formation-esiac.fr\/index.php\/wp-json\/wp\/v2\/pages\/996\/revisions\/997"}],"wp:attachment":[{"href":"https:\/\/lucas.bethmont.formation-esiac.fr\/index.php\/wp-json\/wp\/v2\/media?parent=996"}],"curies":[{"name":"wp","href":"https:\/\/api.w.org\/{rel}","templated":true}]}}