{"id":985,"date":"2025-05-05T09:14:51","date_gmt":"2025-05-05T07:14:51","guid":{"rendered":"https:\/\/lucas.bethmont.formation-esiac.fr\/?page_id=985"},"modified":"2025-05-05T09:14:51","modified_gmt":"2025-05-05T07:14:51","slug":"epreuve-e5","status":"publish","type":"page","link":"https:\/\/lucas.bethmont.formation-esiac.fr\/index.php\/epreuve-e5\/","title":{"rendered":"\u00c9preuve E5"},"content":{"rendered":"\n<p><\/p>\n\n\n\n<p>Dans le cadre de l\u2019\u00e9preuve E5 du BTS SIO, j\u2019ai particip\u00e9 \u00e0 un projet encadr\u00e9 visant \u00e0 r\u00e9pondre \u00e0 un besoin formul\u00e9 par l\u2019entreprise fictive Dualya. Ce projet, r\u00e9alis\u00e9 en classe, portait sur la mise en place compl\u00e8te d\u2019une baie informatique, incluant l\u2019installation, la configuration et la s\u00e9curisation des \u00e9quipements r\u00e9seau et serveurs.<\/p>\n\n\n\n<p>Ce travail m\u2019a permis d\u2019appliquer une d\u00e9marche projet structur\u00e9e : analyse du cahier des charges, d\u00e9finition des solutions techniques, r\u00e9partition des t\u00e2ches, mise en \u0153uvre et phase de tests. Il illustre mes comp\u00e9tences en gestion de projet, en administration des syst\u00e8mes et r\u00e9seaux, ainsi que ma capacit\u00e9 \u00e0 collaborer efficacement au sein d\u2019une \u00e9quipe technique pour r\u00e9pondre aux attentes d\u2019une organisation.<\/p>\n\n\n\n<blockquote class=\"wp-block-quote is-layout-flow wp-block-quote-is-layout-flow\">\n<p>Veuillez trouvez, ci-dessous, mes dossiers &#8220;fiche d&#8217;activit\u00e9&#8221; pour l&#8217;\u00e9preuve E5.<\/p>\n<\/blockquote>\n\n\n\n<div class=\"wp-block-columns is-layout-flex wp-container-core-columns-is-layout-28f84493 wp-block-columns-is-layout-flex\">\n<div class=\"wp-block-column is-layout-flow wp-block-column-is-layout-flow\" style=\"flex-basis:100%\">\n<h2 class=\"wp-block-heading\">Fiche d&#8217;activit\u00e9 : Mise en place d&#8217;un partage de fichiers avec permissions selon les services, en appliquant la m\u00e9thode AGDLP, sous Windows Server 2022<\/h2>\n<\/div>\n<\/div>\n\n\n\n<div class=\"wp-block-columns is-layout-flex wp-container-core-columns-is-layout-28f84493 wp-block-columns-is-layout-flex\">\n<div class=\"wp-block-column is-layout-flow wp-block-column-is-layout-flow\">\n<div data-wp-interactive=\"core\/file\" class=\"wp-block-file\"><object data-wp-bind--hidden=\"!state.hasPdfPreview\" hidden class=\"wp-block-file__embed\" data=\"https:\/\/lucas.bethmont.formation-esiac.fr\/wp-content\/uploads\/2025\/05\/dossier_partage_agdlp_nouvellestructure.pdf\" type=\"application\/pdf\" style=\"width:100%;height:1190px\" aria-label=\"Embed of dossier_partage_agdlp_nouvellestructure.\"><\/object><a id=\"wp-block-file--media-535107f7-b647-4ce5-9d7d-11a3fb017aca\" href=\"https:\/\/lucas.bethmont.formation-esiac.fr\/wp-content\/uploads\/2025\/05\/dossier_partage_agdlp_nouvellestructure.pdf\">dossier_partage_agdlp_nouvellestructure<\/a><a href=\"https:\/\/lucas.bethmont.formation-esiac.fr\/wp-content\/uploads\/2025\/05\/dossier_partage_agdlp_nouvellestructure.pdf\" class=\"wp-block-file__button wp-element-button\" download aria-describedby=\"wp-block-file--media-535107f7-b647-4ce5-9d7d-11a3fb017aca\">T\u00e9l\u00e9charger<\/a><\/div>\n<\/div>\n<\/div>\n\n\n\n<div class=\"wp-block-stackable-divider stk-block-divider stk-block stk-65c7644\" data-block-id=\"65c7644\"><hr class=\"stk-block-divider__hr\"\/><\/div>\n\n\n\n<p class=\"has-large-font-size\"><\/p>\n\n\n\n<div class=\"wp-block-columns is-layout-flex wp-container-core-columns-is-layout-28f84493 wp-block-columns-is-layout-flex\">\n<div class=\"wp-block-column is-layout-flow wp-block-column-is-layout-flow\" style=\"flex-basis:100%\">\n<h2 class=\"wp-block-heading\">Fiche d&#8217;activit\u00e9 : Mise en place d&#8217;un pare-feu OPNsense et configuration d&#8217;un tunnel IPSEC site-to-site<\/h2>\n<\/div>\n<\/div>\n\n\n\n<p class=\"has-large-font-size\"><\/p>\n\n\n\n<div data-wp-interactive=\"core\/file\" class=\"wp-block-file\"><object data-wp-bind--hidden=\"!state.hasPdfPreview\" hidden class=\"wp-block-file__embed\" data=\"https:\/\/lucas.bethmont.formation-esiac.fr\/wp-content\/uploads\/2025\/05\/pare-feu_ipsec_nouvellestucture.pdf\" type=\"application\/pdf\" style=\"width:100%;height:1190px\" aria-label=\"Embed of pare-feu_ipsec_nouvellestucture.\"><\/object><a id=\"wp-block-file--media-d10d16ab-f512-48bb-845a-58b526d8a025\" href=\"https:\/\/lucas.bethmont.formation-esiac.fr\/wp-content\/uploads\/2025\/05\/pare-feu_ipsec_nouvellestucture.pdf\">pare-feu_ipsec_nouvellestucture<\/a><a href=\"https:\/\/lucas.bethmont.formation-esiac.fr\/wp-content\/uploads\/2025\/05\/pare-feu_ipsec_nouvellestucture.pdf\" class=\"wp-block-file__button wp-element-button\" download aria-describedby=\"wp-block-file--media-d10d16ab-f512-48bb-845a-58b526d8a025\">T\u00e9l\u00e9charger<\/a><\/div>\n\n\n\n<div class=\"wp-block-stackable-divider stk-block-divider stk-block stk-42497be\" data-block-id=\"42497be\"><hr class=\"stk-block-divider__hr\"\/><\/div>\n\n\n\n<div class=\"wp-block-columns is-layout-flex wp-container-core-columns-is-layout-28f84493 wp-block-columns-is-layout-flex\">\n<div class=\"wp-block-column is-layout-flow wp-block-column-is-layout-flow\" style=\"flex-basis:100%\">\n<h2 class=\"wp-block-heading\"><\/h2>\n<\/div>\n<\/div>\n\n\n\n<p class=\"has-large-font-size\"><\/p>\n\n\n\n<p><\/p>\n","protected":false},"excerpt":{"rendered":"<p>Dans le cadre de l\u2019\u00e9preuve E5 du BTS SIO, j\u2019ai particip\u00e9 \u00e0 un projet encadr\u00e9 visant \u00e0 r\u00e9pondre \u00e0 un besoin formul\u00e9 par l\u2019entreprise fictive Dualya. Ce projet, r\u00e9alis\u00e9 en classe, portait sur la mise en place compl\u00e8te d\u2019une baie informatique, incluant l\u2019installation, la configuration et la s\u00e9curisation des \u00e9quipements r\u00e9seau et serveurs. Ce travail [&hellip;]<\/p>\n","protected":false},"author":1,"featured_media":0,"parent":0,"menu_order":0,"comment_status":"closed","ping_status":"closed","template":"","meta":{"footnotes":""},"class_list":["post-985","page","type-page","status-publish","hentry"],"blocksy_meta":[],"_links":{"self":[{"href":"https:\/\/lucas.bethmont.formation-esiac.fr\/index.php\/wp-json\/wp\/v2\/pages\/985","targetHints":{"allow":["GET"]}}],"collection":[{"href":"https:\/\/lucas.bethmont.formation-esiac.fr\/index.php\/wp-json\/wp\/v2\/pages"}],"about":[{"href":"https:\/\/lucas.bethmont.formation-esiac.fr\/index.php\/wp-json\/wp\/v2\/types\/page"}],"author":[{"embeddable":true,"href":"https:\/\/lucas.bethmont.formation-esiac.fr\/index.php\/wp-json\/wp\/v2\/users\/1"}],"replies":[{"embeddable":true,"href":"https:\/\/lucas.bethmont.formation-esiac.fr\/index.php\/wp-json\/wp\/v2\/comments?post=985"}],"version-history":[{"count":1,"href":"https:\/\/lucas.bethmont.formation-esiac.fr\/index.php\/wp-json\/wp\/v2\/pages\/985\/revisions"}],"predecessor-version":[{"id":988,"href":"https:\/\/lucas.bethmont.formation-esiac.fr\/index.php\/wp-json\/wp\/v2\/pages\/985\/revisions\/988"}],"wp:attachment":[{"href":"https:\/\/lucas.bethmont.formation-esiac.fr\/index.php\/wp-json\/wp\/v2\/media?parent=985"}],"curies":[{"name":"wp","href":"https:\/\/api.w.org\/{rel}","templated":true}]}}