{"id":1000,"date":"2025-05-12T10:53:23","date_gmt":"2025-05-12T08:53:23","guid":{"rendered":"https:\/\/lucas.bethmont.formation-esiac.fr\/?page_id=1000"},"modified":"2025-05-12T10:53:23","modified_gmt":"2025-05-12T08:53:23","slug":"mentions-legales","status":"publish","type":"page","link":"https:\/\/lucas.bethmont.formation-esiac.fr\/index.php\/mentions-legales\/","title":{"rendered":"Mentions l\u00e9gales"},"content":{"rendered":"\n<p><strong>\u00c9diteur du site<\/strong><br>Nom : Lucas BETHMONT<br>Statut : \u00c9tudiant en BTS SIO<br>Adresse e-mail : lucas.bethmont@gmail.com<br>Ville : La Roche-sur-Yon<\/p>\n\n\n\n<p><strong>Responsable de publication<\/strong><br>Lucas BETHMONT<br>Contact : lucas.bethmont@gmail.com<\/p>\n\n\n\n<p><strong>H\u00e9bergement du site<\/strong><br>Nom de l\u2019h\u00e9bergeur :\u00a0<strong>OVH SAS est une filiale de la soci\u00e9t\u00e9 OVH Groupe SA, soci\u00e9t\u00e9 immatricul\u00e9e au RCS de Lille sous le num\u00e9ro 537 407 926 sise 2, rue Kellermann, 59100 Roubaix.<br><\/strong>Adresse :\u00a0<strong>2 rue Kellermann \u2013 59100 Roubaix \u2013 France<br><\/strong>Site web :\u00a0<strong>https:\/\/www.ovhcloud.com\/fr\/terms-and-conditions\/<\/strong><\/p>\n\n\n\n<p><strong>Propri\u00e9t\u00e9 intellectuelle<\/strong><br>Le contenu de ce site (textes, images, projets, etc.) est la propri\u00e9t\u00e9 exclusive de Lucas Wilson sauf mention contraire. Toute reproduction ou r\u00e9utilisation sans autorisation est interdite.<\/p>\n\n\n\n<p><strong>Collecte de donn\u00e9es<\/strong><br>Ce site ne collecte aucune donn\u00e9e personnelle sans votre consentement explicite. Aucune information n\u2019est utilis\u00e9e \u00e0 des fins commerciales.<\/p>\n\n\n\n<p><strong>Cookies<\/strong><br>Ce site n&#8217;utilise pas de cookies \u00e0 des fins de suivi ou de publicit\u00e9.<\/p>\n\n\n\n<p><\/p>\n","protected":false},"excerpt":{"rendered":"<p>\u00c9diteur du siteNom : Lucas BETHMONTStatut : \u00c9tudiant en BTS SIOAdresse e-mail : lucas.bethmont@gmail.comVille : La Roche-sur-Yon Responsable de publicationLucas BETHMONTContact : lucas.bethmont@gmail.com H\u00e9bergement du siteNom de l\u2019h\u00e9bergeur :\u00a0OVH SAS est une filiale de la soci\u00e9t\u00e9 OVH Groupe SA, soci\u00e9t\u00e9 immatricul\u00e9e au RCS de Lille sous le num\u00e9ro 537 407 926 sise 2, rue Kellermann, [&hellip;]<\/p>\n","protected":false},"author":1,"featured_media":0,"parent":0,"menu_order":0,"comment_status":"closed","ping_status":"closed","template":"","meta":{"footnotes":""},"class_list":["post-1000","page","type-page","status-publish","hentry"],"blocksy_meta":[],"_links":{"self":[{"href":"https:\/\/lucas.bethmont.formation-esiac.fr\/index.php\/wp-json\/wp\/v2\/pages\/1000","targetHints":{"allow":["GET"]}}],"collection":[{"href":"https:\/\/lucas.bethmont.formation-esiac.fr\/index.php\/wp-json\/wp\/v2\/pages"}],"about":[{"href":"https:\/\/lucas.bethmont.formation-esiac.fr\/index.php\/wp-json\/wp\/v2\/types\/page"}],"author":[{"embeddable":true,"href":"https:\/\/lucas.bethmont.formation-esiac.fr\/index.php\/wp-json\/wp\/v2\/users\/1"}],"replies":[{"embeddable":true,"href":"https:\/\/lucas.bethmont.formation-esiac.fr\/index.php\/wp-json\/wp\/v2\/comments?post=1000"}],"version-history":[{"count":1,"href":"https:\/\/lucas.bethmont.formation-esiac.fr\/index.php\/wp-json\/wp\/v2\/pages\/1000\/revisions"}],"predecessor-version":[{"id":1001,"href":"https:\/\/lucas.bethmont.formation-esiac.fr\/index.php\/wp-json\/wp\/v2\/pages\/1000\/revisions\/1001"}],"wp:attachment":[{"href":"https:\/\/lucas.bethmont.formation-esiac.fr\/index.php\/wp-json\/wp\/v2\/media?parent=1000"}],"curies":[{"name":"wp","href":"https:\/\/api.w.org\/{rel}","templated":true}]}}